{"id":17,"date":"2020-01-14T09:59:55","date_gmt":"2020-01-14T08:59:55","guid":{"rendered":"http:\/\/wingsurf.dk\/?page_id=17"},"modified":"2023-06-30T09:38:36","modified_gmt":"2023-06-30T07:38:36","slug":"wing-sup","status":"publish","type":"page","link":"https:\/\/wingsurf.dk\/da\/wing-sup\/","title":{"rendered":"Wing Sup"},"content":{"rendered":"<div data-elementor-type=\"wp-page\" data-elementor-id=\"17\" class=\"elementor elementor-17\">\n\t\t\t\t\t\t<div class=\"elementor-inner\">\n\t\t\t\t<div class=\"elementor-section-wrap\">\n\t\t\t\t\t\t\t\t\t<section class=\"elementor-section elementor-top-section elementor-element elementor-element-32703d1 elementor-section-boxed elementor-section-height-default elementor-section-height-default\" data-id=\"32703d1\" data-element_type=\"section\">\n\t\t\t\t\t\t<div class=\"elementor-container elementor-column-gap-default\">\n\t\t\t\t\t\t\t<div class=\"elementor-row\">\n\t\t\t\t\t<div class=\"elementor-column elementor-col-100 elementor-top-column elementor-element elementor-element-7e52151\" data-id=\"7e52151\" data-element_type=\"column\">\n\t\t\t<div class=\"elementor-column-wrap elementor-element-populated\">\n\t\t\t\t\t\t\t<div class=\"elementor-widget-wrap\">\n\t\t\t\t\t\t<section class=\"elementor-section elementor-inner-section elementor-element elementor-element-12dbc41 elementor-section-boxed elementor-section-height-default elementor-section-height-default\" data-id=\"12dbc41\" data-element_type=\"section\">\n\t\t\t\t\t\t<div class=\"elementor-container elementor-column-gap-default\">\n\t\t\t\t\t\t\t<div class=\"elementor-row\">\n\t\t\t\t\t<div class=\"elementor-column elementor-col-50 elementor-inner-column elementor-element elementor-element-1bd3c64\" data-id=\"1bd3c64\" data-element_type=\"column\">\n\t\t\t<div class=\"elementor-column-wrap elementor-element-populated\">\n\t\t\t\t\t\t\t<div class=\"elementor-widget-wrap\">\n\t\t\t\t\t\t<div class=\"elementor-element elementor-element-15ea331 elementor-widget elementor-widget-image\" data-id=\"15ea331\" data-element_type=\"widget\" data-widget_type=\"image.default\">\n\t\t\t\t<div class=\"elementor-widget-container\">\n\t\t\t\t\t\t\t\t<div class=\"elementor-image\">\n\t\t\t\t\t\t\t\t\t\t\t\t<img loading=\"lazy\" decoding=\"async\" width=\"768\" height=\"512\" src=\"https:\/\/wingsurf.dk\/wp-content\/uploads\/2020\/01\/wingsup-fone-vieux-gars-768x512.jpg\" class=\"attachment-medium_large size-medium_large\" alt=\"\" srcset=\"https:\/\/wingsurf.dk\/wp-content\/uploads\/2020\/01\/wingsup-fone-vieux-gars-768x512.jpg 768w, https:\/\/wingsurf.dk\/wp-content\/uploads\/2020\/01\/wingsup-fone-vieux-gars-600x400.jpg 600w, https:\/\/wingsurf.dk\/wp-content\/uploads\/2020\/01\/wingsup-fone-vieux-gars-300x200.jpg 300w, https:\/\/wingsurf.dk\/wp-content\/uploads\/2020\/01\/wingsup-fone-vieux-gars-1024x683.jpg 1024w, https:\/\/wingsurf.dk\/wp-content\/uploads\/2020\/01\/wingsup-fone-vieux-gars-1536x1024.jpg 1536w, https:\/\/wingsurf.dk\/wp-content\/uploads\/2020\/01\/wingsup-fone-vieux-gars-1200x800.jpg 1200w, https:\/\/wingsurf.dk\/wp-content\/uploads\/2020\/01\/wingsup-fone-vieux-gars.jpg 1600w\" sizes=\"(max-width: 768px) 100vw, 768px\" \/>\t\t\t\t\t\t\t\t\t\t\t\t\t\t<\/div>\n\t\t\t\t\t\t<\/div>\n\t\t\t\t<\/div>\n\t\t\t\t\t\t<\/div>\n\t\t\t\t\t<\/div>\n\t\t<\/div>\n\t\t\t\t<div class=\"elementor-column elementor-col-50 elementor-inner-column elementor-element elementor-element-458de9a\" data-id=\"458de9a\" data-element_type=\"column\">\n\t\t\t<div class=\"elementor-column-wrap elementor-element-populated\">\n\t\t\t\t\t\t\t<div class=\"elementor-widget-wrap\">\n\t\t\t\t\t\t<div class=\"elementor-element elementor-element-11e8965 elementor-widget elementor-widget-accordion\" data-id=\"11e8965\" data-element_type=\"widget\" data-widget_type=\"accordion.default\">\n\t\t\t\t<div class=\"elementor-widget-container\">\n\t\t\t\t\t<div class=\"elementor-accordion\" role=\"tablist\">\n\t\t\t\t\t\t\t<div class=\"elementor-accordion-item\">\n\t\t\t\t\t<div id=\"elementor-tab-title-1871\" class=\"elementor-tab-title\" data-tab=\"1\" role=\"tab\" aria-controls=\"elementor-tab-content-1871\" aria-expanded=\"false\">\n\t\t\t\t\t\t\t\t\t\t\t\t\t<span class=\"elementor-accordion-icon elementor-accordion-icon-left\" aria-hidden=\"true\">\n\t\t\t\t\t\t\t\t\t\t\t\t\t\t\t<span class=\"elementor-accordion-icon-closed\"><i class=\"fas fa-plus\"><\/i><\/span>\n\t\t\t\t\t\t\t\t<span class=\"elementor-accordion-icon-opened\"><i class=\"fas fa-minus\"><\/i><\/span>\n\t\t\t\t\t\t\t\t\t\t\t\t\t\t<\/span>\n\t\t\t\t\t\t\t\t\t\t\t\t<a class=\"elementor-accordion-title\" href=\"\">Hvad er Wing SUP?<\/a>\n\t\t\t\t\t<\/div>\n\t\t\t\t\t<div id=\"elementor-tab-content-1871\" class=\"elementor-tab-content elementor-clearfix\" data-tab=\"1\" role=\"tabpanel\" aria-labelledby=\"elementor-tab-title-1871\"><p>This is <strong>the safest way<\/strong> to discover wingsurf. It will give you the basic knowledge to go further in your process of learning.<\/p><p>However this sport is very different from wingfoil and can be considered as <strong>a discipline in itself<\/strong>. If you have a SUP and don\u2019t want to paddle when the wind is above 5knots then suddenly that paddle board gets a new lease of life. Add a surf wing and do some downwind adventures.<\/p><\/div>\n\t\t\t\t<\/div>\n\t\t\t\t\t\t\t<div class=\"elementor-accordion-item\">\n\t\t\t\t\t<div id=\"elementor-tab-title-1872\" class=\"elementor-tab-title\" data-tab=\"2\" role=\"tab\" aria-controls=\"elementor-tab-content-1872\" aria-expanded=\"false\">\n\t\t\t\t\t\t\t\t\t\t\t\t\t<span class=\"elementor-accordion-icon elementor-accordion-icon-left\" aria-hidden=\"true\">\n\t\t\t\t\t\t\t\t\t\t\t\t\t\t\t<span class=\"elementor-accordion-icon-closed\"><i class=\"fas fa-plus\"><\/i><\/span>\n\t\t\t\t\t\t\t\t<span class=\"elementor-accordion-icon-opened\"><i class=\"fas fa-minus\"><\/i><\/span>\n\t\t\t\t\t\t\t\t\t\t\t\t\t\t<\/span>\n\t\t\t\t\t\t\t\t\t\t\t\t<a class=\"elementor-accordion-title\" href=\"\"> In which conditions can you Wing SUP?<\/a>\n\t\t\t\t\t<\/div>\n\t\t\t\t\t<div id=\"elementor-tab-content-1872\" class=\"elementor-tab-content elementor-clearfix\" data-tab=\"2\" role=\"tabpanel\" aria-labelledby=\"elementor-tab-title-1872\"><div id=\"elementor-tab-content-2442\" class=\"elementor-tab-content elementor-clearfix elementor-active\" role=\"tabpanel\" data-tab=\"2\" aria-labelledby=\"elementor-tab-title-2442\"><p>We recommend to learn <strong>Wing SUP<\/strong> in average wind conditions on a spot that is not exposed to the swell (between 10 and 20 knots of wind). It is easier to <strong>begin with a <\/strong><strong>sidewind<\/strong> (sideshore) to avoid to get pushed aways from the coast (offshore wind) or to be sent back all the time to the shore (onshore wind).<\/p><p>We also recommend to select a spot that is shaped like a bay. This ways if you get too far away from your starting point you can still easily come back walking with your gear. <\/p><\/div><\/div>\n\t\t\t\t<\/div>\n\t\t\t\t\t\t\t<div class=\"elementor-accordion-item\">\n\t\t\t\t\t<div id=\"elementor-tab-title-1873\" class=\"elementor-tab-title\" data-tab=\"3\" role=\"tab\" aria-controls=\"elementor-tab-content-1873\" aria-expanded=\"false\">\n\t\t\t\t\t\t\t\t\t\t\t\t\t<span class=\"elementor-accordion-icon elementor-accordion-icon-left\" aria-hidden=\"true\">\n\t\t\t\t\t\t\t\t\t\t\t\t\t\t\t<span class=\"elementor-accordion-icon-closed\"><i class=\"fas fa-plus\"><\/i><\/span>\n\t\t\t\t\t\t\t\t<span class=\"elementor-accordion-icon-opened\"><i class=\"fas fa-minus\"><\/i><\/span>\n\t\t\t\t\t\t\t\t\t\t\t\t\t\t<\/span>\n\t\t\t\t\t\t\t\t\t\t\t\t<a class=\"elementor-accordion-title\" href=\"\">FAQs<\/a>\n\t\t\t\t\t<\/div>\n\t\t\t\t\t<div id=\"elementor-tab-content-1873\" class=\"elementor-tab-content elementor-clearfix\" data-tab=\"3\" role=\"tabpanel\" aria-labelledby=\"elementor-tab-title-1873\"><div id=\"elementor-tab-content-2443\" class=\"elementor-tab-content elementor-clearfix elementor-active\" role=\"tabpanel\" data-tab=\"3\" aria-labelledby=\"elementor-tab-title-2443\"><p><b>Er det sv\u00e6rt at l\u00e6re at Wingsurfe ?<\/b><\/p><p>Ikke n\u00f8dvendigvis. Som skiing eller kitesurfing er det mere teknik en styrke. Det lykkes for st\u00f8rstedelen af mine elever n\u00e5r de er motiverede og tager den tid der skal til.<\/p><p><b>Jeg dyrker windsurf eller <\/b><b>Kitesurf<\/b><b>. Vil det hj\u00e6lpe mig med at l\u00e6re at <\/b><b>wing<\/b><b>surfing?<\/b><\/p><p>Ja, lidt. Enhver br\u00e6tsport vil hj\u00e6lpe dig med at kontrollere dit br\u00e6t. Hvis du vide lidt om vinden er det endnu bedre.<\/p><p><b>Hvor foreg\u00e5r kurserne ?<\/b><\/p><p>Det afh\u00e6nger af vindens retning. Man kan rundt regnet vide det 2 dage f\u00f8r if\u00f8lge vejrudsigten.<\/p><p><b>H<\/b><b>vor m\u00f8des vi p\u00e5 dagen ?<\/b><\/p><p>Jeg sender dig en GPS link.<\/p><p><b>Indenfor hvilken tidsramme ?<\/b><\/p><p>Snarere om eftermiddagen og i weekenderne.<\/p><p><b>Hvad g\u00f8r vi hvis vejret ikke er godt nok til at wingsurf ?<\/b><\/p><p>Jeg kontakter dig s\u00e5 hurtigt som for at genprogrammerer kurset.<\/p><p><b>Hvad g\u00f8r man hvis vinden l\u00e6gge sig midt i kurset ?<\/b><\/p><p>We\u2019ll wait. If it doesn\u2019t get better, your lesson will be rescheduled. There will be no charge.<\/p><p><b>Er wingsurf farligt ?<\/b><\/p><p lang=\"en-US\">Ikke mere end at cykle.<\/p><p><b>Er alle instrukt\u00f8rer forsikrede og kvalificerede ?<\/b><\/p><p>I don\u2019t know about them, but I am!<\/p><p><b>Hvor lang tid tager det at l\u00e6re at <\/b><b>Wing<\/b><b>surf?<\/b><\/p><p lang=\"en-US\">Alle l\u00e6rer p\u00e5 deres egen rytme men generelt er det nok med nogle dage for at l\u00e6re grundlaget og selv forts\u00e6tte stille og roligt. Navigere nemt og krydse frem og tilbage beh\u00f8ver lidt mere tid men kan blive l\u00e6rt i 2 til 3 seancer. Derefter g\u00e5r det hurtigt fremad.<\/p><p><b>Jeg et 60 \u00e5r gammel, kan jeg stadigv\u00e6k l\u00e6re at kitesurfe ?<\/b><\/p><p>It will take a bit longer but you\u2019ll manage\u2026<\/p><p><b>Hvad skal jeg have med til kurset ?<\/b><\/p><p>Du skal have en v\u00e5ddragt og surf st\u00f8vler. Du f\u00e5r en hjelm og en redningsvest. Du skal bare lige huske at f\u00e5 noget varmt sportst\u00f8j med fordi det kan v\u00e6re koldt p\u00e5 stranden, selv en solskinsdag, p\u00e5 grund af vinden, Husk ogs\u00e5 at tage dine  solcreme, et h\u00e5ndkl\u00e6de og lidt at spise.<\/p><p><b>Kan jeg k\u00f8be et gavekort ?<\/b><\/p><p>Ja, det g\u00f8r vi. Ask for it!<\/p><p><b>Hvilke er aflysnings vilk\u00e5rene ?<\/b><\/p><p>se <a href=\"https:\/\/wingsurf.dk\/da\/salgsvilkar\/\">Salgsvilk\u00e5r<\/a><\/p><\/div><\/div>\n\t\t\t\t<\/div>\n\t\t\t\t\t\t\t\t<\/div>\n\t\t\t\t<\/div>\n\t\t\t\t<\/div>\n\t\t\t\t\t\t<\/div>\n\t\t\t\t\t<\/div>\n\t\t<\/div>\n\t\t\t\t\t\t\t\t<\/div>\n\t\t\t\t\t<\/div>\n\t\t<\/section>\n\t\t\t\t\t\t<\/div>\n\t\t\t\t\t<\/div>\n\t\t<\/div>\n\t\t\t\t\t\t\t\t<\/div>\n\t\t\t\t\t<\/div>\n\t\t<\/section>\n\t\t\t\t<section class=\"elementor-section elementor-top-section elementor-element elementor-element-149355d elementor-section-boxed elementor-section-height-default elementor-section-height-default\" data-id=\"149355d\" data-element_type=\"section\">\n\t\t\t\t\t\t<div class=\"elementor-container elementor-column-gap-default\">\n\t\t\t\t\t\t\t<div class=\"elementor-row\">\n\t\t\t\t\t<div class=\"elementor-column elementor-col-100 elementor-top-column elementor-element elementor-element-3bcb629\" data-id=\"3bcb629\" data-element_type=\"column\">\n\t\t\t<div class=\"elementor-column-wrap elementor-element-populated\">\n\t\t\t\t\t\t\t<div class=\"elementor-widget-wrap\">\n\t\t\t\t\t\t<section class=\"elementor-section elementor-inner-section elementor-element elementor-element-7bc74f0 elementor-section-boxed elementor-section-height-default elementor-section-height-default\" data-id=\"7bc74f0\" data-element_type=\"section\">\n\t\t\t\t\t\t<div class=\"elementor-container elementor-column-gap-default\">\n\t\t\t\t\t\t\t<div class=\"elementor-row\">\n\t\t\t\t\t<div class=\"elementor-column elementor-col-50 elementor-inner-column elementor-element elementor-element-0e04c14\" data-id=\"0e04c14\" data-element_type=\"column\">\n\t\t\t<div class=\"elementor-column-wrap elementor-element-populated\">\n\t\t\t\t\t\t\t<div class=\"elementor-widget-wrap\">\n\t\t\t\t\t\t<div class=\"elementor-element elementor-element-2d9daea elementor-widget elementor-widget-text-editor\" data-id=\"2d9daea\" data-element_type=\"widget\" data-widget_type=\"text-editor.default\">\n\t\t\t\t<div class=\"elementor-widget-container\">\n\t\t\t\t\t\t\t\t<div class=\"elementor-text-editor elementor-clearfix\">\n\t\t\t\t<p>349dkk\/1 time<\/p><p>Minimum 2 timer per session<\/p><p>Udlejning af SUP 190dkk\/session<\/p><p>Udlejning af v\u00e5ddragt 90dkk\/session<\/p><p>Udlejning af surf st\u00f8vler 49dkk\/session<\/p><p><a href=\"https:\/\/wingsurf.dk\/da\/salgsvilkar\/\">Salgsvilk\u00e5r<\/a><\/p>\t\t\t\t\t<\/div>\n\t\t\t\t\t\t<\/div>\n\t\t\t\t<\/div>\n\t\t\t\t\t\t<\/div>\n\t\t\t\t\t<\/div>\n\t\t<\/div>\n\t\t\t\t<div class=\"elementor-column elementor-col-50 elementor-inner-column elementor-element elementor-element-7406492\" data-id=\"7406492\" data-element_type=\"column\">\n\t\t\t<div class=\"elementor-column-wrap elementor-element-populated\">\n\t\t\t\t\t\t\t<div class=\"elementor-widget-wrap\">\n\t\t\t\t\t\t<div class=\"elementor-element elementor-element-1a335da elementor-widget elementor-widget-image\" data-id=\"1a335da\" data-element_type=\"widget\" data-widget_type=\"image.default\">\n\t\t\t\t<div class=\"elementor-widget-container\">\n\t\t\t\t\t\t\t\t<div class=\"elementor-image\">\n\t\t\t\t\t\t\t\t\t\t\t\t<img loading=\"lazy\" decoding=\"async\" width=\"768\" height=\"512\" src=\"https:\/\/wingsurf.dk\/wp-content\/uploads\/2020\/01\/big_5dfc456babe38-768x512.jpeg\" class=\"attachment-medium_large size-medium_large\" alt=\"\" srcset=\"https:\/\/wingsurf.dk\/wp-content\/uploads\/2020\/01\/big_5dfc456babe38-768x512.jpeg 768w, https:\/\/wingsurf.dk\/wp-content\/uploads\/2020\/01\/big_5dfc456babe38-e1580370903357.jpeg 300w, https:\/\/wingsurf.dk\/wp-content\/uploads\/2020\/01\/big_5dfc456babe38-45x30.jpeg 45w, https:\/\/wingsurf.dk\/wp-content\/uploads\/2020\/01\/big_5dfc456babe38-120x80.jpeg 120w, https:\/\/wingsurf.dk\/wp-content\/uploads\/2020\/01\/big_5dfc456babe38-394x263.jpeg 394w, https:\/\/wingsurf.dk\/wp-content\/uploads\/2020\/01\/big_5dfc456babe38-600x400.jpeg 600w\" sizes=\"(max-width: 768px) 100vw, 768px\" \/>\t\t\t\t\t\t\t\t\t\t\t\t\t\t<\/div>\n\t\t\t\t\t\t<\/div>\n\t\t\t\t<\/div>\n\t\t\t\t\t\t<\/div>\n\t\t\t\t\t<\/div>\n\t\t<\/div>\n\t\t\t\t\t\t\t\t<\/div>\n\t\t\t\t\t<\/div>\n\t\t<\/section>\n\t\t\t\t\t\t<\/div>\n\t\t\t\t\t<\/div>\n\t\t<\/div>\n\t\t\t\t\t\t\t\t<\/div>\n\t\t\t\t\t<\/div>\n\t\t<\/section>\n\t\t\t\t\t\t\t\t\t<\/div>\n\t\t\t<\/div>\n\t\t\t\t\t<\/div>","protected":false},"excerpt":{"rendered":"<p>What is Wing SUP? This is the safest way to discover wingsurf. It will give you the basic knowledge to go further in your process of learning. However this sport is very different from wingfoil and can be considered as &hellip; <a href=\"https:\/\/wingsurf.dk\/da\/wing-sup\/\">Read More<\/a><\/p>","protected":false},"author":1,"featured_media":0,"parent":0,"menu_order":7,"comment_status":"closed","ping_status":"closed","template":"","meta":{"footnotes":""},"_links":{"self":[{"href":"https:\/\/wingsurf.dk\/da\/wp-json\/wp\/v2\/pages\/17"}],"collection":[{"href":"https:\/\/wingsurf.dk\/da\/wp-json\/wp\/v2\/pages"}],"about":[{"href":"https:\/\/wingsurf.dk\/da\/wp-json\/wp\/v2\/types\/page"}],"author":[{"embeddable":true,"href":"https:\/\/wingsurf.dk\/da\/wp-json\/wp\/v2\/users\/1"}],"replies":[{"embeddable":true,"href":"https:\/\/wingsurf.dk\/da\/wp-json\/wp\/v2\/comments?post=17"}],"version-history":[{"count":18,"href":"https:\/\/wingsurf.dk\/da\/wp-json\/wp\/v2\/pages\/17\/revisions"}],"predecessor-version":[{"id":814,"href":"https:\/\/wingsurf.dk\/da\/wp-json\/wp\/v2\/pages\/17\/revisions\/814"}],"wp:attachment":[{"href":"https:\/\/wingsurf.dk\/da\/wp-json\/wp\/v2\/media?parent=17"}],"curies":[{"name":"wp","href":"https:\/\/api.w.org\/{rel}","templated":true}]}}