{"id":21,"date":"2020-01-14T10:03:52","date_gmt":"2020-01-14T09:03:52","guid":{"rendered":"http:\/\/wingsurf.dk\/?page_id=21"},"modified":"2023-06-30T09:37:52","modified_gmt":"2023-06-30T07:37:52","slug":"wing-foil-2","status":"publish","type":"page","link":"https:\/\/wingsurf.dk\/da\/wing-foil-2\/","title":{"rendered":"Wing Foil"},"content":{"rendered":"<div data-elementor-type=\"wp-page\" data-elementor-id=\"21\" class=\"elementor elementor-21\">\n\t\t\t\t\t\t<div class=\"elementor-inner\">\n\t\t\t\t<div class=\"elementor-section-wrap\">\n\t\t\t\t\t\t\t\t\t<section class=\"elementor-section elementor-top-section elementor-element elementor-element-54d7e47 elementor-section-boxed elementor-section-height-default elementor-section-height-default\" data-id=\"54d7e47\" data-element_type=\"section\">\n\t\t\t\t\t\t<div class=\"elementor-container elementor-column-gap-default\">\n\t\t\t\t\t\t\t<div class=\"elementor-row\">\n\t\t\t\t\t<div class=\"elementor-column elementor-col-100 elementor-top-column elementor-element elementor-element-e28864a\" data-id=\"e28864a\" data-element_type=\"column\">\n\t\t\t<div class=\"elementor-column-wrap elementor-element-populated\">\n\t\t\t\t\t\t\t<div class=\"elementor-widget-wrap\">\n\t\t\t\t\t\t<section class=\"elementor-section elementor-inner-section elementor-element elementor-element-a828f4e elementor-section-boxed elementor-section-height-default elementor-section-height-default\" data-id=\"a828f4e\" data-element_type=\"section\">\n\t\t\t\t\t\t<div class=\"elementor-container elementor-column-gap-default\">\n\t\t\t\t\t\t\t<div class=\"elementor-row\">\n\t\t\t\t\t<div class=\"elementor-column elementor-col-50 elementor-inner-column elementor-element elementor-element-9c7a29b\" data-id=\"9c7a29b\" data-element_type=\"column\">\n\t\t\t<div class=\"elementor-column-wrap elementor-element-populated\">\n\t\t\t\t\t\t\t<div class=\"elementor-widget-wrap\">\n\t\t\t\t\t\t<div class=\"elementor-element elementor-element-b73a567 elementor-widget elementor-widget-image\" data-id=\"b73a567\" data-element_type=\"widget\" data-widget_type=\"image.default\">\n\t\t\t\t<div class=\"elementor-widget-container\">\n\t\t\t\t\t\t\t\t<div class=\"elementor-image\">\n\t\t\t\t\t\t\t\t\t\t\t\t<img loading=\"lazy\" decoding=\"async\" width=\"768\" height=\"512\" src=\"https:\/\/wingsurf.dk\/wp-content\/uploads\/2020\/01\/ZUMA-01-768x512.jpg\" class=\"attachment-medium_large size-medium_large\" alt=\"\" srcset=\"https:\/\/wingsurf.dk\/wp-content\/uploads\/2020\/01\/ZUMA-01-768x512.jpg 768w, https:\/\/wingsurf.dk\/wp-content\/uploads\/2020\/01\/ZUMA-01-300x200.jpg 300w, https:\/\/wingsurf.dk\/wp-content\/uploads\/2020\/01\/ZUMA-01-1024x683.jpg 1024w, https:\/\/wingsurf.dk\/wp-content\/uploads\/2020\/01\/ZUMA-01-15x10.jpg 15w, https:\/\/wingsurf.dk\/wp-content\/uploads\/2020\/01\/ZUMA-01-120x80.jpg 120w, https:\/\/wingsurf.dk\/wp-content\/uploads\/2020\/01\/ZUMA-01-394x263.jpg 394w, https:\/\/wingsurf.dk\/wp-content\/uploads\/2020\/01\/ZUMA-01-915x610.jpg 915w, https:\/\/wingsurf.dk\/wp-content\/uploads\/2020\/01\/ZUMA-01-1240x827.jpg 1240w, https:\/\/wingsurf.dk\/wp-content\/uploads\/2020\/01\/ZUMA-01-600x400.jpg 600w, https:\/\/wingsurf.dk\/wp-content\/uploads\/2020\/01\/ZUMA-01.jpg 1500w\" sizes=\"(max-width: 768px) 100vw, 768px\" \/>\t\t\t\t\t\t\t\t\t\t\t\t\t\t<\/div>\n\t\t\t\t\t\t<\/div>\n\t\t\t\t<\/div>\n\t\t\t\t\t\t<\/div>\n\t\t\t\t\t<\/div>\n\t\t<\/div>\n\t\t\t\t<div class=\"elementor-column elementor-col-50 elementor-inner-column elementor-element elementor-element-ece2de0\" data-id=\"ece2de0\" data-element_type=\"column\">\n\t\t\t<div class=\"elementor-column-wrap elementor-element-populated\">\n\t\t\t\t\t\t\t<div class=\"elementor-widget-wrap\">\n\t\t\t\t\t\t<div class=\"elementor-element elementor-element-e91dc13 elementor-widget elementor-widget-accordion\" data-id=\"e91dc13\" data-element_type=\"widget\" data-widget_type=\"accordion.default\">\n\t\t\t\t<div class=\"elementor-widget-container\">\n\t\t\t\t\t<div class=\"elementor-accordion\" role=\"tablist\">\n\t\t\t\t\t\t\t<div class=\"elementor-accordion-item\">\n\t\t\t\t\t<div id=\"elementor-tab-title-2441\" class=\"elementor-tab-title\" data-tab=\"1\" role=\"tab\" aria-controls=\"elementor-tab-content-2441\" aria-expanded=\"false\">\n\t\t\t\t\t\t\t\t\t\t\t\t\t<span class=\"elementor-accordion-icon elementor-accordion-icon-left\" aria-hidden=\"true\">\n\t\t\t\t\t\t\t\t\t\t\t\t\t\t\t<span class=\"elementor-accordion-icon-closed\"><i class=\"fas fa-plus\"><\/i><\/span>\n\t\t\t\t\t\t\t\t<span class=\"elementor-accordion-icon-opened\"><i class=\"fas fa-minus\"><\/i><\/span>\n\t\t\t\t\t\t\t\t\t\t\t\t\t\t<\/span>\n\t\t\t\t\t\t\t\t\t\t\t\t<a class=\"elementor-accordion-title\" href=\"\">What is Wing Foil?<\/a>\n\t\t\t\t\t<\/div>\n\t\t\t\t\t<div id=\"elementor-tab-content-2441\" class=\"elementor-tab-content elementor-clearfix\" data-tab=\"1\" role=\"tabpanel\" aria-labelledby=\"elementor-tab-title-2441\"><p><strong>Wing Foiling<\/strong> is the latest-born board sport : it consists in managing a wing not attached to the board and carried with two hands while standing on a hydrofoil mounted on a short stand up paddle board. This a cross-over discipline between <strong>Windfoiling<\/strong>, <strong>Kite Foiling<\/strong> and <strong>SUP Foiling<\/strong>.<\/p><p>The major interest of Wing Foiling is to be able to <strong>move with as much freedom as possible on the water<\/strong> <strong>by using both the energy of the wind and swells<\/strong>.<\/p><p><strong>The hydrofoil allows to take-off over the water<\/strong> and to fly over the surface. <strong>Wing Foiling<\/strong> is practiced on a short but wide and thick stand up paddle board to allow its rider to be stable and easily stand up on the board. To begin at <strong>Wing Foil<\/strong> allows to experience <strong>new riding feelings <\/strong>but also to navigate in a free and easy way on any body of water while keeping a <strong>relatively simple to use and to mount gear<\/strong>. It can be practiced with any wind direction but will be <strong>more interesting in downwind with a sidewind<\/strong>. It is also <strong>possible to practice Wing Foiling in the waves<\/strong> and to use the lift of the wing to get back to the line-up and connect the waves.<\/p><\/div>\n\t\t\t\t<\/div>\n\t\t\t\t\t\t\t<div class=\"elementor-accordion-item\">\n\t\t\t\t\t<div id=\"elementor-tab-title-2442\" class=\"elementor-tab-title\" data-tab=\"2\" role=\"tab\" aria-controls=\"elementor-tab-content-2442\" aria-expanded=\"false\">\n\t\t\t\t\t\t\t\t\t\t\t\t\t<span class=\"elementor-accordion-icon elementor-accordion-icon-left\" aria-hidden=\"true\">\n\t\t\t\t\t\t\t\t\t\t\t\t\t\t\t<span class=\"elementor-accordion-icon-closed\"><i class=\"fas fa-plus\"><\/i><\/span>\n\t\t\t\t\t\t\t\t<span class=\"elementor-accordion-icon-opened\"><i class=\"fas fa-minus\"><\/i><\/span>\n\t\t\t\t\t\t\t\t\t\t\t\t\t\t<\/span>\n\t\t\t\t\t\t\t\t\t\t\t\t<a class=\"elementor-accordion-title\" href=\"\">In which conditions can you Wing Foil?<\/a>\n\t\t\t\t\t<\/div>\n\t\t\t\t\t<div id=\"elementor-tab-content-2442\" class=\"elementor-tab-content elementor-clearfix\" data-tab=\"2\" role=\"tabpanel\" aria-labelledby=\"elementor-tab-title-2442\"><p>We recommend to learn <strong>Wing Foiling<\/strong> in average wind conditions on a spot that is not exposed to the swell (between 15 and 20 knots of wind). It is easier to <strong>begin with a <\/strong><strong>sidewind<\/strong> (sideshore) to avoid to get pushed aways from the coast (offshore wind) or to be sent back all the time to the shore (onshore wind).<\/p><p>It is advised to carefully select the spot to avoid floating seaweeds or any other floating object that can stop and\/or damage your foil while flying. We also recommend to select a spot that is shaped like a bay. This ways if you get too far away from your starting point you can still easily come back walking with your gear. Finally, it is better to learn with a specific water depth : shallow enough so your feet can touch the bottom to easily get on the board but deep enough for the hydrofoil to not touch the bottom. It is possible once you are a confirmed wing foiler of a standard bodytype \u2013 let\u2019s say 80 kg \u2013 to practice Wing Foiling from 8-10 knots to 35+ knots.<\/p><\/div>\n\t\t\t\t<\/div>\n\t\t\t\t\t\t\t<div class=\"elementor-accordion-item\">\n\t\t\t\t\t<div id=\"elementor-tab-title-2443\" class=\"elementor-tab-title\" data-tab=\"3\" role=\"tab\" aria-controls=\"elementor-tab-content-2443\" aria-expanded=\"false\">\n\t\t\t\t\t\t\t\t\t\t\t\t\t<span class=\"elementor-accordion-icon elementor-accordion-icon-left\" aria-hidden=\"true\">\n\t\t\t\t\t\t\t\t\t\t\t\t\t\t\t<span class=\"elementor-accordion-icon-closed\"><i class=\"fas fa-plus\"><\/i><\/span>\n\t\t\t\t\t\t\t\t<span class=\"elementor-accordion-icon-opened\"><i class=\"fas fa-minus\"><\/i><\/span>\n\t\t\t\t\t\t\t\t\t\t\t\t\t\t<\/span>\n\t\t\t\t\t\t\t\t\t\t\t\t<a class=\"elementor-accordion-title\" href=\"\">FAQs<\/a>\n\t\t\t\t\t<\/div>\n\t\t\t\t\t<div id=\"elementor-tab-content-2443\" class=\"elementor-tab-content elementor-clearfix\" data-tab=\"3\" role=\"tabpanel\" aria-labelledby=\"elementor-tab-title-2443\"><p><b>Er det sv\u00e6rt at l\u00e6re at Wingsurfe ?<\/b><\/p><p>Ikke n\u00f8dvendigvis. Som skiing eller kitesurfing er det mere teknik en styrke. Det lykkes for st\u00f8rstedelen af mine elever n\u00e5r de er motiverede og tager den tid der skal til.<\/p><p><b>Jeg dyrker windsurf eller <\/b><b>Kitesurf<\/b><b>. Vil det hj\u00e6lpe mig med at l\u00e6re at <\/b><b>wing<\/b><b>surfing?<\/b><\/p><p>Ja, lidt. Enhver br\u00e6tsport vil hj\u00e6lpe dig med at kontrollere dit br\u00e6t. Hvis du vide lidt om vinden er det endnu bedre.<\/p><p><b>Hvor foreg\u00e5r kurserne ?<\/b><\/p><p>Det afh\u00e6nger af vindens retning. Man kan rundt regnet vide det 2 dage f\u00f8r if\u00f8lge vejrudsigten.<\/p><p><b>H<\/b><b>vor m\u00f8des vi p\u00e5 dagen ?<\/b><\/p><p>Jeg sender dig en GPS link.<\/p><p><b>Indenfor hvilken tidsramme ?<\/b><\/p><p>Snarere om eftermiddagen og i weekenderne.<\/p><p><b>Hvad g\u00f8r vi hvis vejret ikke er godt nok til at wingsurf ?<\/b><\/p><p>Jeg kontakter dig s\u00e5 hurtigt som for at genprogrammerer kurset.<\/p><p><b>Hvad g\u00f8r man hvis vinden l\u00e6gge sig midt i kurset ?<\/b><\/p><p>Man venter... Hvis det ikke blive bedre programmer vi et nyt gratis kursus.<\/p><p><b>Er wingsurf farligt ?<\/b><\/p><p lang=\"en-US\">Ikke mere end at cykle.<\/p><p><b>Er alle instrukt\u00f8rer forsikrede og kvalificerede ?<\/b><\/p><p>Jeg ved det ikke hvad ang\u00e5r de andre, men for mig er det affirmativt !<\/p><p><b>Hvor lang tid tager det at l\u00e6re at <\/b><b>Wing<\/b><b>surf?<\/b><\/p><p lang=\"en-US\">Alle l\u00e6rer p\u00e5 deres egen rytme men generelt er det nok med nogle dage for at l\u00e6re grundlaget og selv forts\u00e6tte stille og roligt. Navigere nemt og krydse frem og tilbage beh\u00f8ver lidt mere tid men kan blive l\u00e6rt i 2 til 3 seancer. Derefter g\u00e5r det hurtigt fremad.<\/p><p><b>Jeg et 60 \u00e5r gammel, kan jeg stadigv\u00e6k l\u00e6re at kitesurfe ?<\/b><\/p><p>Det tager bare lidt l\u00e6ngere tid.<\/p><p><b>Hvad skal jeg have med til kurset ?<\/b><\/p><p>Du skal have en v\u00e5ddragt og surf st\u00f8vler. Du f\u00e5r en hjelm og en redningsvest. Du skal bare lige huske at f\u00e5 noget varmt sportst\u00f8j med fordi det kan v\u00e6re koldt p\u00e5 stranden, selv en solskinsdag, p\u00e5 grund af vinden, Husk ogs\u00e5 at tage dine  solcreme, et h\u00e5ndkl\u00e6de og lidt at spise.<\/p><p><b>Kan jeg k\u00f8be et gavekort ?<\/b><\/p><p>Ja, det g\u00f8r vi. Ask for it!<\/p><p><b>Hvilke er aflysnings vilk\u00e5rene ?<\/b><\/p><p>se <a href=\"https:\/\/wingsurf.dk\/da\/salgsvilkar\/\">Salgsvilk\u00e5r<\/a><\/p><\/div>\n\t\t\t\t<\/div>\n\t\t\t\t\t\t\t\t<\/div>\n\t\t\t\t<\/div>\n\t\t\t\t<\/div>\n\t\t\t\t\t\t<\/div>\n\t\t\t\t\t<\/div>\n\t\t<\/div>\n\t\t\t\t\t\t\t\t<\/div>\n\t\t\t\t\t<\/div>\n\t\t<\/section>\n\t\t\t\t\t\t<\/div>\n\t\t\t\t\t<\/div>\n\t\t<\/div>\n\t\t\t\t\t\t\t\t<\/div>\n\t\t\t\t\t<\/div>\n\t\t<\/section>\n\t\t\t\t<section class=\"elementor-section elementor-top-section elementor-element elementor-element-3be0d4e elementor-section-boxed elementor-section-height-default elementor-section-height-default\" data-id=\"3be0d4e\" data-element_type=\"section\">\n\t\t\t\t\t\t<div class=\"elementor-container elementor-column-gap-default\">\n\t\t\t\t\t\t\t<div class=\"elementor-row\">\n\t\t\t\t\t<div class=\"elementor-column elementor-col-100 elementor-top-column elementor-element elementor-element-da88e98\" data-id=\"da88e98\" data-element_type=\"column\">\n\t\t\t<div class=\"elementor-column-wrap elementor-element-populated\">\n\t\t\t\t\t\t\t<div class=\"elementor-widget-wrap\">\n\t\t\t\t\t\t<section class=\"elementor-section elementor-inner-section elementor-element elementor-element-8c3f52a elementor-section-boxed elementor-section-height-default elementor-section-height-default\" data-id=\"8c3f52a\" data-element_type=\"section\">\n\t\t\t\t\t\t<div class=\"elementor-container elementor-column-gap-default\">\n\t\t\t\t\t\t\t<div class=\"elementor-row\">\n\t\t\t\t\t<div class=\"elementor-column elementor-col-50 elementor-inner-column elementor-element elementor-element-f096a34\" data-id=\"f096a34\" data-element_type=\"column\">\n\t\t\t<div class=\"elementor-column-wrap elementor-element-populated\">\n\t\t\t\t\t\t\t<div class=\"elementor-widget-wrap\">\n\t\t\t\t\t\t<div class=\"elementor-element elementor-element-1e07d52 elementor-widget elementor-widget-text-editor\" data-id=\"1e07d52\" data-element_type=\"widget\" data-widget_type=\"text-editor.default\">\n\t\t\t\t<div class=\"elementor-widget-container\">\n\t\t\t\t\t\t\t\t<div class=\"elementor-text-editor elementor-clearfix\">\n\t\t\t\t<p>449dkk\/1 time<\/p><p>Minimum 2 timer per session<\/p><p>Udlejning af v\u00e5ddragt 90dkk\/session<\/p><p>Udlejning af surf st\u00f8vler 49dkk\/session<\/p><p><a href=\"https:\/\/wingsurf.dk\/da\/salgsvilkar\/\">Salgsvilk\u00e5r<\/a><\/p>\t\t\t\t\t<\/div>\n\t\t\t\t\t\t<\/div>\n\t\t\t\t<\/div>\n\t\t\t\t\t\t<\/div>\n\t\t\t\t\t<\/div>\n\t\t<\/div>\n\t\t\t\t<div class=\"elementor-column elementor-col-50 elementor-inner-column elementor-element elementor-element-5ec8309\" data-id=\"5ec8309\" data-element_type=\"column\">\n\t\t\t<div class=\"elementor-column-wrap elementor-element-populated\">\n\t\t\t\t\t\t\t<div class=\"elementor-widget-wrap\">\n\t\t\t\t\t\t<div class=\"elementor-element elementor-element-faa0a78 elementor-widget elementor-widget-image\" data-id=\"faa0a78\" data-element_type=\"widget\" data-widget_type=\"image.default\">\n\t\t\t\t<div class=\"elementor-widget-container\">\n\t\t\t\t\t\t\t\t<div class=\"elementor-image\">\n\t\t\t\t\t\t\t\t\t\t\t\t<img loading=\"lazy\" decoding=\"async\" width=\"768\" height=\"512\" src=\"https:\/\/wingsurf.dk\/wp-content\/uploads\/2020\/01\/190703-WING-FOIL-ZUMA-BB-PG-GONGWING-426-1500-768x512.jpg\" class=\"attachment-medium_large size-medium_large\" alt=\"\" srcset=\"https:\/\/wingsurf.dk\/wp-content\/uploads\/2020\/01\/190703-WING-FOIL-ZUMA-BB-PG-GONGWING-426-1500-768x512.jpg 768w, https:\/\/wingsurf.dk\/wp-content\/uploads\/2020\/01\/190703-WING-FOIL-ZUMA-BB-PG-GONGWING-426-1500-300x200.jpg 300w, https:\/\/wingsurf.dk\/wp-content\/uploads\/2020\/01\/190703-WING-FOIL-ZUMA-BB-PG-GONGWING-426-1500-1024x683.jpg 1024w, https:\/\/wingsurf.dk\/wp-content\/uploads\/2020\/01\/190703-WING-FOIL-ZUMA-BB-PG-GONGWING-426-1500-15x10.jpg 15w, https:\/\/wingsurf.dk\/wp-content\/uploads\/2020\/01\/190703-WING-FOIL-ZUMA-BB-PG-GONGWING-426-1500-120x80.jpg 120w, https:\/\/wingsurf.dk\/wp-content\/uploads\/2020\/01\/190703-WING-FOIL-ZUMA-BB-PG-GONGWING-426-1500-394x263.jpg 394w, https:\/\/wingsurf.dk\/wp-content\/uploads\/2020\/01\/190703-WING-FOIL-ZUMA-BB-PG-GONGWING-426-1500-915x610.jpg 915w, https:\/\/wingsurf.dk\/wp-content\/uploads\/2020\/01\/190703-WING-FOIL-ZUMA-BB-PG-GONGWING-426-1500-1240x827.jpg 1240w, https:\/\/wingsurf.dk\/wp-content\/uploads\/2020\/01\/190703-WING-FOIL-ZUMA-BB-PG-GONGWING-426-1500-600x400.jpg 600w, https:\/\/wingsurf.dk\/wp-content\/uploads\/2020\/01\/190703-WING-FOIL-ZUMA-BB-PG-GONGWING-426-1500.jpg 1500w\" sizes=\"(max-width: 768px) 100vw, 768px\" \/>\t\t\t\t\t\t\t\t\t\t\t\t\t\t<\/div>\n\t\t\t\t\t\t<\/div>\n\t\t\t\t<\/div>\n\t\t\t\t\t\t<\/div>\n\t\t\t\t\t<\/div>\n\t\t<\/div>\n\t\t\t\t\t\t\t\t<\/div>\n\t\t\t\t\t<\/div>\n\t\t<\/section>\n\t\t\t\t\t\t<\/div>\n\t\t\t\t\t<\/div>\n\t\t<\/div>\n\t\t\t\t\t\t\t\t<\/div>\n\t\t\t\t\t<\/div>\n\t\t<\/section>\n\t\t\t\t\t\t\t\t\t<\/div>\n\t\t\t<\/div>\n\t\t\t\t\t<\/div>","protected":false},"excerpt":{"rendered":"<p>What is Wing Foil? Wing Foiling is the latest-born board sport : it consists in managing a wing not attached to the board and carried with two hands while standing on a hydrofoil mounted on a short stand up paddle &hellip; <a href=\"https:\/\/wingsurf.dk\/da\/wing-foil-2\/\">Read More<\/a><\/p>","protected":false},"author":1,"featured_media":0,"parent":0,"menu_order":4,"comment_status":"closed","ping_status":"closed","template":"","meta":{"footnotes":""},"_links":{"self":[{"href":"https:\/\/wingsurf.dk\/da\/wp-json\/wp\/v2\/pages\/21"}],"collection":[{"href":"https:\/\/wingsurf.dk\/da\/wp-json\/wp\/v2\/pages"}],"about":[{"href":"https:\/\/wingsurf.dk\/da\/wp-json\/wp\/v2\/types\/page"}],"author":[{"embeddable":true,"href":"https:\/\/wingsurf.dk\/da\/wp-json\/wp\/v2\/users\/1"}],"replies":[{"embeddable":true,"href":"https:\/\/wingsurf.dk\/da\/wp-json\/wp\/v2\/comments?post=21"}],"version-history":[{"count":21,"href":"https:\/\/wingsurf.dk\/da\/wp-json\/wp\/v2\/pages\/21\/revisions"}],"predecessor-version":[{"id":811,"href":"https:\/\/wingsurf.dk\/da\/wp-json\/wp\/v2\/pages\/21\/revisions\/811"}],"wp:attachment":[{"href":"https:\/\/wingsurf.dk\/da\/wp-json\/wp\/v2\/media?parent=21"}],"curies":[{"name":"wp","href":"https:\/\/api.w.org\/{rel}","templated":true}]}}