{"id":3,"date":"2020-01-12T18:20:17","date_gmt":"2020-01-12T17:20:17","guid":{"rendered":"http:\/\/wingsurf.dk\/?page_id=3"},"modified":"2020-01-31T20:28:30","modified_gmt":"2020-01-31T19:28:30","slug":"politique-de-confidentialite","status":"publish","type":"page","link":"https:\/\/wingsurf.dk\/da\/politique-de-confidentialite\/","title":{"rendered":"K\u00f8bsvilk\u00e5r og -betingelser"},"content":{"rendered":"<div data-elementor-type=\"wp-page\" data-elementor-id=\"3\" class=\"elementor elementor-3\">\n\t\t\t\t\t\t<div class=\"elementor-inner\">\n\t\t\t\t<div class=\"elementor-section-wrap\">\n\t\t\t\t\t\t\t\t\t<section class=\"elementor-section elementor-top-section elementor-element elementor-element-2a441810 elementor-section-boxed elementor-section-height-default elementor-section-height-default\" data-id=\"2a441810\" data-element_type=\"section\">\n\t\t\t\t\t\t<div class=\"elementor-container elementor-column-gap-default\">\n\t\t\t\t\t\t\t<div class=\"elementor-row\">\n\t\t\t\t\t<div class=\"elementor-column elementor-col-100 elementor-top-column elementor-element elementor-element-21e49025\" data-id=\"21e49025\" data-element_type=\"column\">\n\t\t\t<div class=\"elementor-column-wrap elementor-element-populated\">\n\t\t\t\t\t\t\t<div class=\"elementor-widget-wrap\">\n\t\t\t\t\t\t<div class=\"elementor-element elementor-element-62ae7310 elementor-widget elementor-widget-text-editor\" data-id=\"62ae7310\" data-element_type=\"widget\" data-widget_type=\"text-editor.default\">\n\t\t\t\t<div class=\"elementor-widget-container\">\n\t\t\t\t\t\t\t\t<div class=\"elementor-text-editor elementor-clearfix\">\n\t\t\t\t<div class=\"entry-content\">\n<p><strong>SALGS- OG LEVERINGSBETINGELSER FOR KB-KITE<\/strong><\/p>\n<p>Nedenst\u00e5ende salgs- og leveringsbetingelser g\u00e6lder for alle leverancer fra KB-KITE<br \/>Generelle oplysninger om virksomheden:<\/p>\n<p>Adresse:<br \/>Kisumparken 93 1th<br \/>2660 BR\u00d8NDBY STRAND<br \/>CVR\u00a0: 36567961<br \/>Email\u00a0: <a href=\"mailto:info@kbkitesurfing.dk\">info@kbkitesurfing.dk<\/a><br \/>Tlf\u00a0: 53391948<\/p>\n<p><strong>Fortrydelsesret<\/strong><\/p>\n<p>Som forbruger har du 14 dages fortrydelsesret, n\u00e5r du handler hos os. Fortrydelsesfristen udl\u00f8ber 14 dage efter den dag, du har modtaget din vare. Hvis k\u00f8bet fortrydes inden for de 14 dage, tilbagebetales det fulde bel\u00f8b af KB-KITE.<br \/>Fristen indeb\u00e6rer, at du har 14 dage fra modtagelsen, til at give os besked om, at du vil fortryde dit k\u00f8b. Du kan sende en mail til info@kbkitesurfing.dk <br \/>K\u00f8bet kan fortrydes ved at n\u00e6gte modtagelse af varen, ved at overdrage varen til postv\u00e6senet eller ved at sende varen til vores adresse\u00a0:<\/p>\n<p><strong>KIIL-NIELSEN<\/strong><br \/><strong>kisumparken 93 1th<\/strong><br \/><strong>2660 Br\u00f8ndby Strand<\/strong><\/p>\n<p>Du h\u00e6fter kun for eventuel forringelse af varens v\u00e6rdi, som skyldes anden h\u00e5ndtering, end hvad der er n\u00f8dvendigt for at fastsl\u00e5 varens art, egenskaber og den m\u00e5de, den fungerer p\u00e5. Med andre ord \u2013 du kan pr\u00f8ve varen p\u00e5 samme m\u00e5de, som hvis du pr\u00f8vede den i en fysisk butik, men du m\u00e5 ikke tage den i egentlig brug.<br \/>Fortrydelsesretten kan kun udnyttes, hvis varen tilbageleveres i v\u00e6sentligt samme stand og m\u00e6ngde. Fortrydelsesretten bortfalder derfor, hvis du bruger varen p\u00e5 en m\u00e5de, som helt \u00e5benbart forringer varens salgsv\u00e6rdi v\u00e6sentligt.<\/p>\n<p><strong>Returnering<\/strong><\/p>\n<p>N\u00e5r du har givet os besked om, at du vil fortryde dit k\u00f8b, har du 14 dage til at sende varen tilbage til os. <br \/>Du skal selv betale for at pakken returneres, og det er dig, der h\u00e6fter, hvis der opst\u00e5r en skade under transporten. <br \/>Hvis varen er pr\u00f8vet udover, hvad der er beskrevet ovenfor, betragter vi den som brugt, hvilket betyder, at du ved fortrydelse af k\u00f8bet kun f\u00e5r en del eller intet af k\u00f8bsbel\u00f8bet retur, afh\u00e6ngig af varens handelsm\u00e6ssige v\u00e6rdi.<\/p>\n<p><strong>Tilbagebetaling af k\u00f8bsbel\u00f8bet<\/strong><\/p>\n<p>Hvis du fortryder dit k\u00f8b, f\u00e5r du dine penge tilbage. Hvis varen er v\u00e6rdiforringet, fratr\u00e6kker vi det bel\u00f8b, du h\u00e6fter for. <br \/>Hvis en forbruger anvender sin fortrydelsesret, betaler KB-KITE hele produktes bel\u00f8b retur, eksklusiv forsendelsesomkostninger og evt andre betallings gebyr.<br \/>Det eneste, vi kr\u00e6ver, at forbrugeren selv betaler, er forsendelsesomkostningerne forbundet med returnering af varen.<\/p>\n<p>Vi kan tilbageholde betalingen indtil vi har modtaget varen. <br \/>Du kan ogs\u00e5 fortryde k\u00f8bet ved at give os besked, og aflevere den personligt p\u00e5 ovenst\u00e5ende adresse.<\/p>\n<p><strong>Hvad skal jeg sende med tilbage?<\/strong><\/p>\n<p>Du skal vedl\u00e6gge en kopi af ordrebekr\u00e6ftelsen eller kvitteringen.<\/p>\n<p>Vi modtager ikke pakker sendt pr. efterkrav.<\/p>\n<p><strong>Betaling<\/strong><\/p>\n<p>P\u00e5 KB-KITE kan der betales med:<\/p>\n<p><strong>STRIPE<\/strong><\/p>\n<p><strong>MobilePay: 53391948<\/strong><\/p>\n<p><strong>Bankoverf\u00f8rsel<\/strong><\/p>\n<p>NORDEA<\/p>\n<p>reg nr 2277<\/p>\n<p>konto nr 0726448477<\/p>\n<p>IBAN: DK78 2000 0726 4484 77<\/p>\n<p>BIC: NDEADKKK<\/p>\n<p>V\u00e6lger du at betale via STRIPE eller PayPal, kan der forekomme gebyrer som p\u00e5l\u00e6gges af disse udbydere som er udenfor KB-KITE varet\u00e6gt.<br \/>Kontakt os venligst eller udbyderen for at blive oplyst om netop din ordre kan blive p\u00e5lagt et ekstra gebyr, hvis du v\u00e6lger PayPal eller STRIPE som betalingsmetode.<br \/>Bel\u00f8bet bliver f\u00f8rst trukket fra din konto, n\u00e5r varen er afsendt.<br \/>Bel\u00f8bet for varerne tr\u00e6kkes ikke fra din konto, f\u00f8r varen er afsendt fra vores lager. Der kan aldrig tr\u00e6kkes et st\u00f8rre bel\u00f8b, end det du har godkendt ved k\u00f8bet. Du har altid mulighed for at afvise en betaling, n\u00e5r du modtager din betalingsoversigt.<\/p>\n<p><strong>Priser<\/strong><\/p>\n<p>Alle vores priser er i danske kroner og inklusiv dansk moms.<\/p>\n<p><strong>Reklamationsret<\/strong><\/p>\n<p>K\u00f8belovens mangelsregler g\u00e6lder for varek\u00f8b. <br \/>N\u00e5r du handler hos os som forbruger, har du reklamationsret i 24 m\u00e5neder. Hvis din reklamation er berettiget, betyder det at du enten kan f\u00e5 varen repareret, ombyttet, pengene tilbage eller et afslag i prisen, afh\u00e6ngig af den konkrete situation.<br \/>Du skal reklamere inden for \u201drimelig tid\u201d efter, at du har opdaget fejlen. Hvis du reklamerer inden for to m\u00e5neder efter, at fejlen er opdaget, vil reklamationen altid v\u00e6re rettidig. <br \/>Er reklamationen berettiget, refunderer vi dine (rimelige) fragtomkostninger. Varen skal altid sendes tilbage i forsvarlig emballage, og husk at f\u00e5 en kvittering for afsendelse, s\u00e5 vi kan tilbagebetale dine fragtomkostninger.<\/p>\n<p><strong>Varen sendes til:<\/strong><\/p>\n<p>KIIL-NIELSEN<br \/>Kisumparken 93 1th<br \/>2660 Br\u00f8ndby Strand<\/p>\n<p>N\u00e5r du returnerer varen, bedes du vedl\u00e6gge en detaljeret beskrivelse af problemet. Vi beder dig ogs\u00e5 vedl\u00e6gge en kopi af kvittering eller ordrebekr\u00e6ftelsen.<br \/>Vi modtager ikke pakker sendt pr. efterkrav. <br \/>Hvis du \u00f8nsker at reklamere over et produkt, b\u00f8r du kontakte KB-KITE p\u00e5 info@kbkitesurfing.dk og aftale evt. returnering af varen.<\/p>\n<p><strong>PERSONDATAPOLITIK<\/strong><\/p>\n<p>For at du kan indg\u00e5 aftale med os, har vi brug for f\u00f8lgende oplysninger:<br \/>Navn, adresse, tlf.nr. og e-mailadresse.<\/p>\n<p>Vi foretager registreringen af dine personoplysninger med det form\u00e5l at kunne levere varen til dig.<\/p>\n<p>Personoplysningerne registreres hos KB-KITE og opbevares i fem \u00e5r, hvorefter oplysningerne slettes.<\/p>\n<p>Dine oplysninger videregives eller s\u00e6lges ikke til tredjemand.<br \/>Som registreret hos KB-KITE har du altid ret til at g\u00f8re indsigelse mod registreringen. Du har ogs\u00e5 ret til indsigt i hvilke oplysninger, der er registreret om dig. Disse rettigheder har du efter persondataloven og henvendelse i forbindelse hermed rettes til:<br \/>info@kbkitesurfing.dk<\/p>\n<\/div>\n<p><!-- wp:heading --><!-- \/wp:heading --><\/p>\t\t\t\t\t<\/div>\n\t\t\t\t\t\t<\/div>\n\t\t\t\t<\/div>\n\t\t\t\t\t\t<\/div>\n\t\t\t\t\t<\/div>\n\t\t<\/div>\n\t\t\t\t\t\t\t\t<\/div>\n\t\t\t\t\t<\/div>\n\t\t<\/section>\n\t\t\t\t\t\t\t\t\t<\/div>\n\t\t\t<\/div>\n\t\t\t\t\t<\/div>","protected":false},"excerpt":{"rendered":"<p>SALGS- OG LEVERINGSBETINGELSER FOR KB-KITE Nedenst\u00e5ende salgs- og leveringsbetingelser g\u00e6lder for alle leverancer fra KB-KITEGenerelle oplysninger om virksomheden: Adresse:Kisumparken 93 1th2660 BR\u00d8NDBY STRANDCVR&nbsp;: 36567961Email&nbsp;: info@kbkitesurfing.dkTlf&nbsp;: 53391948 Fortrydelsesret Som forbruger har du 14 dages fortrydelsesret, n\u00e5r du handler hos os. Fortrydelsesfristen &hellip; <a href=\"https:\/\/wingsurf.dk\/da\/politique-de-confidentialite\/\">Read More<\/a><\/p>","protected":false},"author":1,"featured_media":0,"parent":0,"menu_order":2,"comment_status":"closed","ping_status":"open","template":"","meta":{"footnotes":""},"_links":{"self":[{"href":"https:\/\/wingsurf.dk\/da\/wp-json\/wp\/v2\/pages\/3"}],"collection":[{"href":"https:\/\/wingsurf.dk\/da\/wp-json\/wp\/v2\/pages"}],"about":[{"href":"https:\/\/wingsurf.dk\/da\/wp-json\/wp\/v2\/types\/page"}],"author":[{"embeddable":true,"href":"https:\/\/wingsurf.dk\/da\/wp-json\/wp\/v2\/users\/1"}],"replies":[{"embeddable":true,"href":"https:\/\/wingsurf.dk\/da\/wp-json\/wp\/v2\/comments?post=3"}],"version-history":[{"count":4,"href":"https:\/\/wingsurf.dk\/da\/wp-json\/wp\/v2\/pages\/3\/revisions"}],"predecessor-version":[{"id":359,"href":"https:\/\/wingsurf.dk\/da\/wp-json\/wp\/v2\/pages\/3\/revisions\/359"}],"wp:attachment":[{"href":"https:\/\/wingsurf.dk\/da\/wp-json\/wp\/v2\/media?parent=3"}],"curies":[{"name":"wp","href":"https:\/\/api.w.org\/{rel}","templated":true}]}}